{"id":8784,"date":"2025-11-03T14:27:29","date_gmt":"2025-11-03T12:27:29","guid":{"rendered":"https:\/\/squib.fr\/?post_type=product&#038;p=8784"},"modified":"2025-11-05T19:08:14","modified_gmt":"2025-11-05T17:08:14","slug":"tapis-de-demontage","status":"publish","type":"product","link":"https:\/\/squib.fr\/en\/shop\/french-armory\/tapis-de-demontage\/","title":{"rendered":"Tapis de d\u00e9montage"},"content":{"rendered":"<p style=\"font-weight: 400;\">Travaillez vos armes en toute s\u00e9r\u00e9nit\u00e9 avec notre tapis technique de d\u00e9montage en <strong><span style=\"color: #ed1e79;\">n\u00e9opr\u00e8ne \u00e9pais et r\u00e9sistant<\/span><\/strong>. Con\u00e7u pour absorber les chocs et prot\u00e9ger aussi bien votre table que votre arme, il est l\u2019alli\u00e9 indispensable des tireurs exigeants. Sa surface est s\u00e9rigraphi\u00e9e aux couleurs de French Amory \u00e0 l&#8217;occasion d&#8217;une \u00e9dition limit\u00e9e jusqu&#8217;au 30 Novembre 2025.<\/p>\n<p style=\"font-weight: 400;\"><strong><span style=\"color: #ed1e79;\">Caract\u00e9ristiques<\/span> :<\/strong><\/p>\n<ul>\n<li>N\u00e9opr\u00e8ne \u00e9pais et r\u00e9sistant<\/li>\n<li>Format 90cm x 40cm<\/li>\n<li>Prot\u00e8ge la table et l\u2019arme des rayures, salissures et chocs<\/li>\n<li>S\u00e9rigraphie personnalis\u00e9e en surface<\/li>\n<li>Plusieurs mod\u00e8les disponibles (et d\u2019autres \u00e0 venir)<\/li>\n<li>Possibilit\u00e9 de personnalisation unique sur demande<\/li>\n<li><strong>Lavable en machine \u00e0 30\u00b0C<\/strong> (programme d\u00e9licat)<\/li>\n<li>R\u00e9sistant \u00e0 l\u2019usage intensif<\/li>\n<\/ul>\n<p style=\"font-weight: 400;\">Un <strong><span style=\"color: #ed1e79;\">cadeau id\u00e9al<\/span><\/strong> en toute occasion : de No\u00ebl aux anniversaires, en passant par une victoire en comp\u00e9tition, une entr\u00e9e en club ou simplement pour faire plaisir \u00e0 un tireur sportif !<\/p>\n","protected":false},"excerpt":{"rendered":"<p>Travaillez vos armes en toute s\u00e9r\u00e9nit\u00e9 avec notre tapis technique de d\u00e9montage en n\u00e9opr\u00e8ne \u00e9pais et r\u00e9sistant. Con\u00e7u pour absorber les chocs et prot\u00e9ger aussi bien votre table que votre arme, il est l\u2019alli\u00e9 indispensable des tireurs exigeants. Sa surface est s\u00e9rigraphi\u00e9e aux couleurs de French Amory \u00e0 l&#8217;occasion d&#8217;une \u00e9dition limit\u00e9e jusqu&#8217;au 30 Novembre [&hellip;]<\/p>\n","protected":false},"featured_media":8852,"template":"","meta":{"_et_pb_use_builder":"","_et_pb_old_content":"","_et_gb_content_width":""},"product_brand":[],"product_cat":[234],"product_tag":[],"class_list":{"0":"post-8784","1":"product","2":"type-product","3":"status-publish","4":"has-post-thumbnail","6":"product_cat-french-armory","7":"product_shipping_class-tapis-french-armory","9":"first","10":"instock","11":"taxable","12":"shipping-taxable","13":"purchasable","14":"product-type-simple"},"aioseo_notices":[],"_links":{"self":[{"href":"https:\/\/squib.fr\/en\/wp-json\/wp\/v2\/product\/8784","targetHints":{"allow":["GET"]}}],"collection":[{"href":"https:\/\/squib.fr\/en\/wp-json\/wp\/v2\/product"}],"about":[{"href":"https:\/\/squib.fr\/en\/wp-json\/wp\/v2\/types\/product"}],"wp:featuredmedia":[{"embeddable":true,"href":"https:\/\/squib.fr\/en\/wp-json\/wp\/v2\/media\/8852"}],"wp:attachment":[{"href":"https:\/\/squib.fr\/en\/wp-json\/wp\/v2\/media?parent=8784"}],"wp:term":[{"taxonomy":"product_brand","embeddable":true,"href":"https:\/\/squib.fr\/en\/wp-json\/wp\/v2\/product_brand?post=8784"},{"taxonomy":"product_cat","embeddable":true,"href":"https:\/\/squib.fr\/en\/wp-json\/wp\/v2\/product_cat?post=8784"},{"taxonomy":"product_tag","embeddable":true,"href":"https:\/\/squib.fr\/en\/wp-json\/wp\/v2\/product_tag?post=8784"}],"curies":[{"name":"wp","href":"https:\/\/api.w.org\/{rel}","templated":true}]}}