{"id":8785,"date":"2025-11-03T14:28:06","date_gmt":"2025-11-03T12:28:06","guid":{"rendered":"https:\/\/squib.fr\/?post_type=product&#038;p=8785"},"modified":"2025-11-05T18:57:26","modified_gmt":"2025-11-05T16:57:26","slug":"kit-deco-casque-antibruit","status":"publish","type":"product","link":"https:\/\/squib.fr\/en\/shop\/french-armory\/kit-deco-casque-antibruit\/","title":{"rendered":"Kit D\u00e9co Casque Antibruit"},"content":{"rendered":"<p>Affichez un style unique au stand tout en prot\u00e9geant votre \u00e9quipement contre les chocs et les frottements r\u00e9p\u00e9t\u00e9s avec ce kit d\u00e9co \u00e9dition limit\u00e9e French Armory.<\/p>\n<ul>\n<li>Adh\u00e9sif ultra-r\u00e9sistant con\u00e7u pour durer.<\/li>\n<li>Impression \u00e9co-solvant conforme aux normes europ\u00e9ennes.<\/li>\n<li>Pelliculage de protection robuste de 170\u00b5 pour une r\u00e9sistance optimale.<\/li>\n<li>Application facile et sans bulles gr\u00e2ce \u00e0 une colle structur\u00e9e innovante.<\/li>\n<\/ul>\n<p>Le kit inclut deux adh\u00e9sifs adapt\u00e9s aux parties lat\u00e9rales de votre casque antibruitI, ainsi qu\u2019une notice de pose. Besoin d\u2019un coup de main pour l\u2019installation ? Consultez notre<\/p>\n<p style=\"font-weight: 400;\"><a href=\"https:\/\/www.youtube.com\/watch?v=r6AANHymdV8&amp;t=9s\">tutoriel de pose sur YouTube<\/a>\u00a0pour vous faciliter la t\u00e2che<\/p>\n","protected":false},"excerpt":{"rendered":"<p>Kit D\u00e9co pour casque r\u00e9ducteur de son.<\/p>\n","protected":false},"featured_media":8846,"template":"","meta":{"_et_pb_use_builder":"","_et_pb_old_content":"","_et_gb_content_width":""},"product_brand":[],"product_cat":[234],"product_tag":[],"class_list":{"0":"post-8785","1":"product","2":"type-product","3":"status-publish","4":"has-post-thumbnail","6":"product_cat-french-armory","7":"product_shipping_class-kits-casques-french-armory","9":"first","10":"instock","11":"taxable","12":"shipping-taxable","13":"purchasable","14":"product-type-variable"},"aioseo_notices":[],"_links":{"self":[{"href":"https:\/\/squib.fr\/en\/wp-json\/wp\/v2\/product\/8785","targetHints":{"allow":["GET"]}}],"collection":[{"href":"https:\/\/squib.fr\/en\/wp-json\/wp\/v2\/product"}],"about":[{"href":"https:\/\/squib.fr\/en\/wp-json\/wp\/v2\/types\/product"}],"wp:featuredmedia":[{"embeddable":true,"href":"https:\/\/squib.fr\/en\/wp-json\/wp\/v2\/media\/8846"}],"wp:attachment":[{"href":"https:\/\/squib.fr\/en\/wp-json\/wp\/v2\/media?parent=8785"}],"wp:term":[{"taxonomy":"product_brand","embeddable":true,"href":"https:\/\/squib.fr\/en\/wp-json\/wp\/v2\/product_brand?post=8785"},{"taxonomy":"product_cat","embeddable":true,"href":"https:\/\/squib.fr\/en\/wp-json\/wp\/v2\/product_cat?post=8785"},{"taxonomy":"product_tag","embeddable":true,"href":"https:\/\/squib.fr\/en\/wp-json\/wp\/v2\/product_tag?post=8785"}],"curies":[{"name":"wp","href":"https:\/\/api.w.org\/{rel}","templated":true}]}}