{"id":8874,"date":"2025-11-05T16:42:26","date_gmt":"2025-11-05T14:42:26","guid":{"rendered":"https:\/\/squib.fr\/?post_type=product&#038;p=8874"},"modified":"2025-11-05T18:58:22","modified_gmt":"2025-11-05T16:58:22","slug":"kit-deco-chargette-uplula","status":"publish","type":"product","link":"https:\/\/squib.fr\/en\/shop\/french-armory\/kit-deco-chargette-uplula\/","title":{"rendered":"Kit D\u00e9co Chargette UPLULA"},"content":{"rendered":"<p style=\"font-weight: 400;\">Termin\u00e9 de voir votre chargette dans les affaires de votre voisin gr\u00e2ce \u00e0 ce kit qui la prot\u00e8gera des chocs \/ frottements fr\u00e9quents \u00a0et vous permettra de la reconnaitre entre mille !<\/p>\n<ul>\n<li>Adh\u00e9sif haute durabilit\u00e9.<\/li>\n<li>Impression \u00e9co-solvant respectant les normes europ\u00e9ennes.<\/li>\n<li>Pelliculage de protection ultra r\u00e9sistant 170\u00b5.<\/li>\n<li>Pose facile \u00e0 sec sans bulles gr\u00e2ce \u00e0 sa colle structur\u00e9e.<\/li>\n<\/ul>\n<p style=\"font-weight: 400;\">Le kit comprend 5 adh\u00e9sifs pour UpLULA Fast Loader 9mm\/45ACP et une notice de pose. N\u2019h\u00e9sitez pas \u00e0 consulter notre <a href=\"https:\/\/www.youtube.com\/@Squib-StickandShoot\">tutoriel de pose sur YouTube<\/a> pour vous faciliter la t\u00e2che.<\/p>\n","protected":false},"excerpt":{"rendered":"<p><strong>Kit D\u00e9co pour Mag Loader UpLULA.<\/strong><\/p>\n","protected":false},"featured_media":8834,"template":"","meta":{"_et_pb_use_builder":"","_et_pb_old_content":"","_et_gb_content_width":""},"product_brand":[],"product_cat":[234],"product_tag":[],"class_list":{"0":"post-8874","1":"product","2":"type-product","3":"status-publish","4":"has-post-thumbnail","6":"product_cat-french-armory","7":"product_shipping_class-kits-casques-french-armory","9":"first","10":"instock","11":"taxable","12":"shipping-taxable","13":"purchasable","14":"product-type-simple"},"aioseo_notices":[],"_links":{"self":[{"href":"https:\/\/squib.fr\/en\/wp-json\/wp\/v2\/product\/8874","targetHints":{"allow":["GET"]}}],"collection":[{"href":"https:\/\/squib.fr\/en\/wp-json\/wp\/v2\/product"}],"about":[{"href":"https:\/\/squib.fr\/en\/wp-json\/wp\/v2\/types\/product"}],"wp:featuredmedia":[{"embeddable":true,"href":"https:\/\/squib.fr\/en\/wp-json\/wp\/v2\/media\/8834"}],"wp:attachment":[{"href":"https:\/\/squib.fr\/en\/wp-json\/wp\/v2\/media?parent=8874"}],"wp:term":[{"taxonomy":"product_brand","embeddable":true,"href":"https:\/\/squib.fr\/en\/wp-json\/wp\/v2\/product_brand?post=8874"},{"taxonomy":"product_cat","embeddable":true,"href":"https:\/\/squib.fr\/en\/wp-json\/wp\/v2\/product_cat?post=8874"},{"taxonomy":"product_tag","embeddable":true,"href":"https:\/\/squib.fr\/en\/wp-json\/wp\/v2\/product_tag?post=8874"}],"curies":[{"name":"wp","href":"https:\/\/api.w.org\/{rel}","templated":true}]}}